{"id":12,"date":"2022-05-30T12:36:32","date_gmt":"2022-05-30T15:36:32","guid":{"rendered":"https:\/\/presert.com.br\/index.php\/mesmerize\/"},"modified":"2025-10-29T10:08:52","modified_gmt":"2025-10-29T13:08:52","slug":"mesmerize","status":"publish","type":"page","link":"https:\/\/presert.com.br\/","title":{"rendered":"Front Page"},"content":{"rendered":"<div  id=\"overlappable-4\" style=\"background-color: #ffffff;\" data-label=\"Overlappable\" data-id=\"overlappable-4\" data-export-id=\"overlappable-4\" data-category=\"overlappable\" class=\"overlappable-4 content-section content-section-spacing\" data-overlap=\"true\"><div  class=\"gridContainer\"> <div  data-type=\"row\" class=\"row spaced-cols text-center\"><div  class=\"col-xs-12 col-sm-4 col-padding\"> <i  class=\"fa icon shadow-large-black aligncenter color1 fa-shopping-cart reverse round large\"><\/i> <div  data-type=\"column\" class=\"\"> <h5  class=\"\">VENDAS<\/h5> <p  class=\"\">Fornecemos produtos de tecnologia nas \u00e1reas de telecomunica\u00e7\u00e3o, seguran\u00e7a eletr\u00f4nica, controle de acesso e redes \/ internet.<\/p><\/div> <\/div> <div  class=\"col-xs-12 col-sm-4 col-padding\"> <i  class=\"fa icon shadow-large-black aligncenter color1 fa-wrench reverse round large\"><\/i> <div  data-type=\"column\" class=\"\"><h5  class=\"\">INSTALA\u00c7\u00c3O<\/h5> <p  class=\"\">Instalamos os produtos comercializados, com equipe t\u00e9cnica treinada para garantir a qualidade dos produtos.<\/p><\/div> <\/div> <div  class=\"col-xs-12 col-sm-4 col-padding\"> <i  class=\"fa icon shadow-large-black aligncenter color1 fa-cogs reverse round large\"><\/i> <div  data-type=\"column\" class=\"\"><h5  class=\"\">MANUTEN\u00c7\u00c3O<\/h5> <p  class=\"\">Com profissionais t\u00e9cnicos capacitados, mantemos em pleno funcionamento todos os equipamentos de nossos clientes.<\/p><\/div> <\/div><\/div> <\/div><\/div><div  data-label=\"Clients\" data-id=\"clients--1\" data-export-id=\"clients-4\" data-category=\"clients\" class=\"clients-4 content-section content-section-spacing-small\" id=\"clients-1\" style=\"background-color: rgb(245, 250, 253);\"><div  class=\"gridContainer\"> <div  class=\"row\"><div  data-type=\"column\" class=\"section-title-col\"> <h2  class=\"font-700\">Nossos Clientes<\/h2> <p  class=\"lead\">Junte-se a centenas de clientes que aprovam nossos produtos e servi\u00e7os!<\/p><\/div> <\/div> <div  data-type=\"row\" class=\"row spaced-cols middle-xs center-xs space-bottom padding-lr\"> <div  class=\"col-xs-6 col-sm-2\"> <img  data-lazyloaded=\"1\" src=\"data:image\/gif;base64,R0lGODdhAQABAPAAAMPDwwAAACwAAAAAAQABAAACAkQBADs=\" decoding=\"async\" data-src=\"https:\/\/i0.wp.com\/presert.com.br\/wp-content\/uploads\/2022\/05\/cropped-Bremen.jpg?w=3840&amp;ssl=1\" class=\"\" title=\"cropped-Bremen.jpg\" alt=\"\" width=\"148\" height=\"152\"><\/div> <div  class=\"col-xs-6 col-sm-2\"> <img  data-lazyloaded=\"1\" src=\"data:image\/gif;base64,R0lGODdhAQABAPAAAMPDwwAAACwAAAAAAQABAAACAkQBADs=\" loading=\"lazy\" decoding=\"async\" data-src=\"https:\/\/i0.wp.com\/presert.com.br\/wp-content\/uploads\/2022\/05\/cropped-Mag_Mongeral.jpeg?w=3840&amp;ssl=1\" class=\"\" title=\"cropped-Mag_Mongeral.jpeg\" alt=\"\" width=\"148\" height=\"148\"><\/div> <div  class=\"col-xs-6 col-sm-2\"> <img  data-lazyloaded=\"1\" src=\"data:image\/gif;base64,R0lGODdhAQABAPAAAMPDwwAAACwAAAAAAQABAAACAkQBADs=\" loading=\"lazy\" decoding=\"async\" data-src=\"https:\/\/i0.wp.com\/presert.com.br\/wp-content\/uploads\/2022\/05\/cropped-Alfa.jpg?w=3840&amp;ssl=1\" class=\"\" title=\"cropped-Alfa.jpg\" alt=\"\" width=\"148\" height=\"139\"><\/div> <div  class=\"col-xs-6 col-sm-2\"> <img  data-lazyloaded=\"1\" src=\"data:image\/gif;base64,R0lGODdhAQABAPAAAMPDwwAAACwAAAAAAQABAAACAkQBADs=\" loading=\"lazy\" decoding=\"async\" data-src=\"https:\/\/i0.wp.com\/presert.com.br\/wp-content\/uploads\/2022\/05\/cropped-Biogas.png?w=3840&amp;ssl=1\" class=\"\" title=\"cropped-Biogas.png\" alt=\"\" width=\"148\" height=\"57\"><\/div> <div  class=\"col-xs-6 col-sm-2\"> <img  data-lazyloaded=\"1\" src=\"data:image\/gif;base64,R0lGODdhAQABAPAAAMPDwwAAACwAAAAAAQABAAACAkQBADs=\" loading=\"lazy\" decoding=\"async\" data-src=\"https:\/\/i0.wp.com\/presert.com.br\/wp-content\/uploads\/2022\/05\/cropped-Staack.webp?w=3840&amp;ssl=1\" class=\"\" title=\"cropped-Staack.webp\" alt=\"\" width=\"148\" height=\"117\"><\/div> <div  class=\"col-xs-6 col-sm-2\"> <img  data-lazyloaded=\"1\" src=\"data:image\/gif;base64,R0lGODdhAQABAPAAAMPDwwAAACwAAAAAAQABAAACAkQBADs=\" loading=\"lazy\" decoding=\"async\" data-src=\"https:\/\/i0.wp.com\/presert.com.br\/wp-content\/uploads\/2022\/05\/cropped-Discpar.png?w=3840&amp;ssl=1\" class=\"\" title=\"cropped-Discpar.png\" alt=\"\" width=\"148\" height=\"53\"><\/div> <\/div><\/div> <\/div><div  data-label=\"Portfolio\" data-id=\"portfolio--2\" data-export-id=\"portfolio-5\" data-category=\"portfolio\" class=\"portfolio-5 content-section content-section-spacing\" id=\"portfolio-2\" style=\"background-color: rgb(245, 250, 253);\"><div  class=\"gridContainer\"> <div  class=\"row text-center\"><div  class=\"section-title-col\" data-type=\"column\"> <h2  class=\"\">Portfolio<\/h2> <p  class=\"lead\">Conhe\u00e7a categoria dos produtos comercializados pela Presert Solu\u00e7\u00f5es!<\/p><\/div> <\/div> <div  class=\"row space-bottom spaced-cols\" data-type=\"row\"> <div  class=\"col-xs-12 col-sm-4 text-center\"> <div  class=\"card no-padding bordered\"> <div  data-hover-fx=\"portfolio-6\" class=\"contentswap-effect\"> <div  class=\"initial-image\"> <img  data-lazyloaded=\"1\" src=\"data:image\/gif;base64,R0lGODdhAQABAPAAAMPDwwAAACwAAAAAAQABAAACAkQBADs=\" loading=\"lazy\" decoding=\"async\" data-size=\"500x333\" data-src=\"https:\/\/i0.wp.com\/presert.com.br\/wp-content\/uploads\/2022\/05\/cropped-TELECOMUNICACOES-635x399-1.jpg?w=3840&amp;ssl=1\"><\/div> <div  class=\"overlay bg-color6\"><\/div> <div  class=\"swap-inner col-xs-12\"> <div  class=\"row full-height-row middle-xs middle-sm\"> <div  class=\"col-xs-12 text-center content-holder\"> <a  class=\"button small color2\" href=\"https:\/\/presert.com.br\/index.php\/categoria-produto\/comunicacao\" target=\"_self\" data-cp-link=\"1\" rel=\"noopener\">Telecomunica\u00e7\u00f5es<\/a><\/div> <\/div><\/div> <\/div> <div  class=\"col-xs-12\"> <div  class=\"space-bottom space-top\" data-type=\"column\"> <h5  class=\"\">Telecomunica\u00e7\u00f5es<\/h5> <p  class=\"small italic\">Centrais Telef\u00f4nicas\n<br >Telefones\n<br >Headset<\/p><\/div> <\/div><\/div> <\/div> <div  class=\"col-xs-12 col-sm-4 text-center\"> <div  class=\"card no-padding bordered\"> <div  data-hover-fx=\"portfolio-6\" class=\"contentswap-effect\"> <div  class=\"initial-image\"> <img  data-lazyloaded=\"1\" src=\"data:image\/gif;base64,R0lGODdhAQABAPAAAMPDwwAAACwAAAAAAQABAAACAkQBADs=\" loading=\"lazy\" decoding=\"async\" data-size=\"500x333\" data-src=\"https:\/\/i0.wp.com\/presert.com.br\/wp-content\/uploads\/2022\/05\/cropped-Seguranca2.jpg?w=3840&amp;ssl=1\"><\/div> <div  class=\"overlay bg-color6\"><\/div> <div  class=\"swap-inner col-xs-12\"> <div  class=\"row full-height-row middle-xs middle-sm\"> <div  class=\"col-xs-12 text-center content-holder\"> <a  class=\"button small color2\" href=\"https:\/\/presert.com.br\/index.php\/categoria-produto\/seguranca-eletronica\" target=\"_self\" data-cp-link=\"1\" rel=\"noopener\">Seguran\u00e7a Eletr\u00f4nica<\/a><\/div> <\/div><\/div> <\/div> <div  class=\"col-xs-12\"> <div  class=\"space-bottom space-top\" data-type=\"column\"> <h5  class=\"\">Seguran\u00e7a Eletr\u00f4nica<\/h5> <p  class=\"small italic\">C\u00e2meras de Seguran\u00e7a\n<br >\nPorteiros Eletr\u00f4nicos<br >Alarmes\n<\/p><\/div> <\/div><\/div> <\/div> <div  class=\"col-xs-12 col-sm-4 text-center\"> <div  class=\"card no-padding bordered\"> <div  data-hover-fx=\"portfolio-6\" class=\"contentswap-effect\"> <div  class=\"initial-image\"> <img  data-lazyloaded=\"1\" src=\"data:image\/gif;base64,R0lGODdhAQABAPAAAMPDwwAAACwAAAAAAQABAAACAkQBADs=\" loading=\"lazy\" decoding=\"async\" data-size=\"500x333\" data-src=\"https:\/\/i0.wp.com\/presert.com.br\/wp-content\/uploads\/2022\/05\/cropped-Acesso.webp?w=3840&amp;ssl=1\"><\/div> <div  class=\"overlay bg-color6\"><\/div> <div  class=\"swap-inner col-xs-12\"> <div  class=\"row full-height-row middle-xs middle-sm\"> <div  class=\"col-xs-12 text-center content-holder\"> <a  class=\"button small color2\" href=\"https:\/\/presert.com.br\/index.php\/categoria-produto\/controle-de-acessos\" target=\"_self\" data-cp-link=\"1\" rel=\"noopener\">Controle de Acesso<\/a><\/div> <\/div><\/div> <\/div> <div  class=\"col-xs-12\"> <div  class=\"space-bottom space-top\" data-type=\"column\"> <h5  class=\"\">Controle de Acesso<\/h5> <p  class=\"small italic\">Leitores Biometricos<br >Video Porteiros\n<br >Fechaduras\n<\/p><\/div> <\/div><\/div> <\/div><div  class=\"col-xs-12 col-sm-4 text-center\"> <div  class=\"card no-padding bordered\"> <div  data-hover-fx=\"portfolio-6\" class=\"contentswap-effect\"> <div  class=\"initial-image\"> <img  data-lazyloaded=\"1\" src=\"data:image\/gif;base64,R0lGODdhAQABAPAAAMPDwwAAACwAAAAAAQABAAACAkQBADs=\" loading=\"lazy\" decoding=\"async\" data-size=\"500x333\" data-src=\"https:\/\/i0.wp.com\/presert.com.br\/wp-content\/uploads\/2022\/05\/cropped-Redes2.jpg?w=3840&amp;ssl=1\"><\/div> <div  class=\"overlay bg-color6\"><\/div> <div  class=\"swap-inner col-xs-12\"> <div  class=\"row full-height-row middle-xs middle-sm\"> <div  class=\"col-xs-12 text-center content-holder\"> <a  class=\"button small color2\" href=\"https:\/\/presert.com.br\/index.php\/categoria-produto\/redes\" target=\"_self\" data-cp-link=\"1\" rel=\"noopener\">Redes<\/a><\/div> <\/div><\/div> <\/div> <div  class=\"col-xs-12\"> <div  class=\"space-bottom space-top\" data-type=\"column\"> <h5  class=\"\">Redes \/ Internet<\/h5> <p  class=\"small italic\">Roteadores<br >Switch\u00b4s<br >Rack\u00b4s<\/p><\/div> <\/div><\/div> <\/div><div  class=\"col-xs-12 col-sm-4 text-center\"> <div  class=\"card no-padding bordered\"> <div  data-hover-fx=\"portfolio-6\" class=\"contentswap-effect\"> <div  class=\"initial-image\"> <img  data-lazyloaded=\"1\" src=\"data:image\/gif;base64,R0lGODdhAQABAPAAAMPDwwAAACwAAAAAAQABAAACAkQBADs=\" loading=\"lazy\" decoding=\"async\" data-size=\"500x333\" data-src=\"https:\/\/i0.wp.com\/presert.com.br\/wp-content\/uploads\/2022\/05\/cropped-Energia.jpg?w=3840&amp;ssl=1\" width=\"334\" height=\"223\"><\/div> <div  class=\"overlay bg-color6\"><\/div> <div  class=\"swap-inner col-xs-12\"> <div  class=\"row full-height-row middle-xs middle-sm\"> <div  class=\"col-xs-12 text-center content-holder\"> <a  class=\"button small color2\" href=\"https:\/\/presert.com.br\" target=\"_self\" data-cp-link=\"1\" rel=\"noopener\">Energia<\/a><\/div> <\/div><\/div> <\/div> <div  class=\"col-xs-12\"> <div  class=\"space-bottom space-top\" data-type=\"column\"> <h5  class=\"\">Energia<\/h5> <p  class=\"small italic\">Nobreak\u00b4s<br >\nBaterias<br >Fontes<\/p><\/div> <\/div><\/div> <\/div><div  class=\"col-xs-12 col-sm-4 text-center\"> <div  class=\"card no-padding bordered\"> <div  data-hover-fx=\"portfolio-6\" class=\"contentswap-effect\"> <div  class=\"initial-image\"> <img  data-lazyloaded=\"1\" src=\"data:image\/gif;base64,R0lGODdhAQABAPAAAMPDwwAAACwAAAAAAQABAAACAkQBADs=\" loading=\"lazy\" decoding=\"async\" data-size=\"500x333\" data-src=\"https:\/\/i0.wp.com\/presert.com.br\/wp-content\/uploads\/2022\/05\/cropped-Servicos.webp?w=3840&amp;ssl=1\" width=\"334\" height=\"222\"><\/div> <div  class=\"overlay bg-color6\"><\/div> <div  class=\"swap-inner col-xs-12\"> <div  class=\"row full-height-row middle-xs middle-sm\"> <div  class=\"col-xs-12 text-center content-holder\"> <a  class=\"button small color2\" href=\"#\" target=\"_self\" data-cp-link=\"1\" rel=\"noopener\">Servi\u00e7os<\/a><\/div> <\/div><\/div> <\/div> <div  class=\"col-xs-12\"> <div  class=\"space-bottom space-top\" data-type=\"column\"> <h5  class=\"\">Servi\u00e7os<\/h5> <p  class=\"small italic\">Suporte Local e Remoto<br >Manuten\u00e7\u00f5es<br >Instala\u00e7\u00f5es<\/p><\/div> <\/div><\/div> <\/div><\/div> <div  class=\"row\"><div  data-type=\"column\" class=\"col-xs-12 text-center\"> <a  class=\"button color2 y-move\" href=\"#\" target=\"_self\" data-cp-link=\"1\" rel=\"noopener\">\u00cdnicio<\/a><\/div> <\/div><\/div> <\/div><div  data-label=\"Servios\" data-id=\"features--1\" data-export-id=\"features-13\" data-category=\"features\" class=\"features-13 content-section content-section-spacing\" id=\"servios\" style=\"background-color: rgb(255, 255, 255);\"><div  class=\"gridContainer\"> <div  class=\"row text-center\"><div  class=\"section-title-col\" data-type=\"column\"> <h2  class=\"\">Algumas coisas que fazemos bem<\/h2> <p  class=\"lead\">Conhe\u00e7a alguns de nossos servi\u00e7os:<\/p><\/div> <\/div> <div  class=\"row spaced-cols center-sm content-left-sm\" data-type=\"row\"> <div  class=\"col col-sm-6 col-md-3 space-bottom\"> <a  data-cp-link=\"1\" href=\"#\" class=\"\"><i  class=\"fa icon color1 fa-phone bordered round large\"><\/i><\/a> <h4  class=\"\">TELECOMUNICA\u00c7\u00d5ES<\/h4> <p  class=\"\">\u2013 Instala\u00e7\u00e3o, manuten\u00e7\u00e3o de Centrais Telef\u00f4nicas.\n<br >\u2013 Conserto de placas de Centrais e Aparelhos Telef\u00f4nicos.\n<br >\u2013 Instala\u00e7\u00e3o e Manuten\u00e7\u00e3o de ramais e linhas.<\/p> <\/div> <div  class=\"col col-sm-6 col-md-3 space-bottom\"><i  class=\"fa icon color1 fa-camera bordered round large\"><\/i> <h4  class=\"\">C\u00c2MERAS DE SEGURAN\u00c7A<\/h4> <p  class=\"\">\u2013 Instala\u00e7\u00e3o, manuten\u00e7\u00e3o de C\u00e2meras de Seguran\u00e7a.\n<br >\u2013 Instala\u00e7\u00e3o e Configura\u00e7\u00e3o de Gravadores de Imagens \u2013 DVR\u00b4s.\n<br >\u2013 Instala\u00e7\u00e3o e Configura\u00e7\u00e3o de C\u00e2meras WI-FI e App.<\/p> <\/div> <div  class=\"col col-sm-6 col-md-3 space-bottom\"><i  class=\"fa icon color1 fa-expeditedssl bordered round large\"><\/i> <h4  class=\"\">CONTROLE DE ACESSO<\/h4> <p  class=\"\">\u2013 Instala\u00e7\u00e3o e Manuten\u00e7\u00e3o de Controladores de Acesso.\n<br >\u2013 Instala\u00e7\u00e3o e Manuten\u00e7\u00e3o de Porteiros e Videoporteiros eletr\u00f4nicos.\n<br >\u2013 Instala\u00e7\u00e3o de Fechaduras Eletricas e Digitais.<\/p> <\/div> <div  class=\"col col-sm-6 col-md-3 space-bottom\"><i  class=\"fa icon color1 fa-wifi bordered round large\"><\/i> <h4  class=\"\">REDES \/ INTERNET<\/h4> <p  class=\"\">\u2013 Instala\u00e7\u00e3o de cabeamento de internet.\n<br >\u2013 Instala\u00e7\u00e3o e Configura\u00e7\u00e3o de Roteadores WIFI.\n<br >\u2013 Montagem, adequa\u00e7\u00e3o e corre\u00e7\u00e3o de rack\u00b4s, cabeamentos e acess\u00f3rios.<\/p> <\/div> <div  class=\"col col-sm-6 col-md-3 space-bottom\"> <i  class=\"fa icon color1 fa-bullhorn bordered round large\"><\/i> <h4  class=\"\">ALARMES<\/h4> <p  class=\"\">\u2013 Instala\u00e7\u00e3o, manuten\u00e7\u00e3o de Centrais de alarme, Sensores e demais acess\u00f3rios.\n<br >\u2013 Instala\u00e7\u00e3o e Configura\u00e7\u00e3o de Softwares e Aplicativos para Monitoramento.\n<\/p> <\/div><div  class=\"col col-sm-6 col-md-3 space-bottom\"> <i  class=\"fa icon color1 fa-home bordered round large\"><\/i> <h4  class=\"\">AUTOMA\u00c7\u00c3O RESIDENCIAL<\/h4> <p  class=\"\">\u2013 Instala\u00e7\u00e3o de Interuptores e Tomadas Smart.\n<br >\u2013 Instala\u00e7\u00e3o e Integra\u00e7\u00e3o de Sistemas com Alexa e Google.<\/p> <\/div><div  class=\"col col-sm-6 col-md-3 space-bottom\"> <i  class=\"fa icon color1 fa-building-o bordered round large\"><\/i> <h4  class=\"\">INTERFONIA<\/h4> <p  class=\"\">\u2013 Instala\u00e7\u00e3o, manuten\u00e7\u00e3o de Centrais de Portaria.\n<br >\u2013 Instala\u00e7\u00e3o e Manuten\u00e7\u00e3o de Porteiros e Controles de Acesso.\n<br >\u2013 Instala\u00e7\u00e3o e Manuten\u00e7\u00e3o de fia\u00e7\u00e3o e Interfones.<\/p> <\/div><div  class=\"col col-sm-6 col-md-3 space-bottom\"> <a  data-cp-link=\"1\" href=\"#\" class=\"\" target=\"_self\" rel=\"noopener\"><i  class=\"fa icon color1 fa-handshake-o bordered round large\"><\/i><\/a> <h4  class=\"\">TERCERIZA\u00c7\u00c3O<\/h4> <p  class=\"\">\u2013 T\u00e9cnicos experientes e comprometidos em atender com qualidade.<br >\u2013 Manuten\u00e7\u00e3o preventiva e corretiva, instala\u00e7\u00e3o de novos sistemas eletr\u00f4nicos, e suporte t\u00e9cnico.<\/p> <\/div><\/div><\/div> <\/div><div  data-label=\"Parceiros\" data-id=\"clients--2\" data-export-id=\"clients-1\" data-category=\"clients\" class=\"clients-1 content-section content-section-spacing\" id=\"parceiros\" style=\"background-color: rgb(245, 250, 253); background-image: none;\"><div  class=\"gridContainer\"> <div  class=\"row middle-sm\"><div  data-type=\"column\" class=\"col-sm-6 space-bottom-xs\"> <h2  class=\"font-700\">Matrisys Automa\u00e7\u00e3o<\/h2> <p  class=\"lead\">Especializada em automa\u00e7\u00e3o residencial e predial, atuando em Blumenau e regi\u00e3o.<\/p><a  class=\"link\" href=\"http:\/\/www.matrisys.com.br\" target=\"_blank\" data-cp-link=\"1\" rel=\"noopener\">Parceiro: Automa\u00e7\u00e3o Residencial<\/a><\/div> <div  class=\"col-sm-6\"><div  data-type=\"row\" class=\"row spaced-cols center-xs padding-lr\"> <div  class=\"col-xs-3\"> <img  data-lazyloaded=\"1\" src=\"data:image\/gif;base64,R0lGODdhAQABAPAAAMPDwwAAACwAAAAAAQABAAACAkQBADs=\" data-recalc-dims=\"1\" decoding=\"async\" data-src=\"https:\/\/i0.wp.com\/presert.com.br\/wp-content\/plugins\/mesmerize-companion\/theme-data\/mesmerize\/sections\/images\/logo1.png?w=3840&amp;ssl=1\" class=\"desaturate\"><\/div> <div  class=\"col-xs-3\"> <img  data-lazyloaded=\"1\" src=\"data:image\/gif;base64,R0lGODdhAQABAPAAAMPDwwAAACwAAAAAAQABAAACAkQBADs=\" data-recalc-dims=\"1\" decoding=\"async\" data-src=\"https:\/\/i0.wp.com\/presert.com.br\/wp-content\/plugins\/mesmerize-companion\/theme-data\/mesmerize\/sections\/images\/logo2.png?w=3840&amp;ssl=1\" class=\"desaturate\"><\/div> <div  class=\"col-xs-3\"> <img  data-lazyloaded=\"1\" src=\"data:image\/gif;base64,R0lGODdhAQABAPAAAMPDwwAAACwAAAAAAQABAAACAkQBADs=\" data-recalc-dims=\"1\" decoding=\"async\" data-src=\"https:\/\/i0.wp.com\/presert.com.br\/wp-content\/plugins\/mesmerize-companion\/theme-data\/mesmerize\/sections\/images\/logo3.png?w=3840&amp;ssl=1\" class=\"desaturate\"><\/div> <div  class=\"col-xs-3\"> <img  data-lazyloaded=\"1\" src=\"data:image\/gif;base64,R0lGODdhAQABAPAAAMPDwwAAACwAAAAAAQABAAACAkQBADs=\" data-recalc-dims=\"1\" decoding=\"async\" data-src=\"https:\/\/i0.wp.com\/presert.com.br\/wp-content\/plugins\/mesmerize-companion\/theme-data\/mesmerize\/sections\/images\/logo4.png?w=3840&amp;ssl=1\" class=\"desaturate\"><\/div> <\/div><\/div> <\/div><\/div> <\/div><div  data-label=\"About\" data-id=\"about--1\" data-export-id=\"about-images-right-section\" data-category=\"about\" class=\"about-images-right-section content-section content-section-spacing\" id=\"about-1\" style=\"background-color: rgb(245, 250, 253);\"><div  class=\"gridContainer\"> <div  class=\"row middle-sm text-center\"><div  class=\"col-sm-5 content-left-sm\" data-type=\"column\"> <h5  class=\"\">SOBRE<\/h5> <h2  class=\"\">N\u00f3s somos a PRESERT SOLU\u00c7\u00d5ES<\/h2> <p  class=\"\">\u2013 Fundado em 2016 por profissional da \u00e1rea de eletr\u00f4nica com longa experi\u00eancia atuando no Vale do Itaja\u00ed \u2013 SC.\n<br >\u2013 Tem como principal fornecedor a Intelbras SA, pioneira no Brasil em fabrica\u00e7\u00e3o de Centrais PABX, e hoje possui um portif\u00f3lio vasto de produtos eletr\u00f4nicos que agregam tecnologia e qualidade.<\/p> <\/div> <div  class=\"col-sm-7 space-bottom-xs\"><div  class=\"image-group-side-3-img\"> <img  data-lazyloaded=\"1\" src=\"data:image\/gif;base64,R0lGODdhAQABAPAAAMPDwwAAACwAAAAAAQABAAACAkQBADs=\" fetchpriority=\"high\" decoding=\"async\" class=\"topimg shadow-large\" data-src=\"https:\/\/i0.wp.com\/presert.com.br\/wp-content\/uploads\/2023\/10\/cropped-Seguranca.jpeg?w=3840&amp;ssl=1\" title=\"cropped-Seguranca.jpeg\" alt=\"\" width=\"397\" height=\"240\"> <img  data-lazyloaded=\"1\" src=\"data:image\/gif;base64,R0lGODdhAQABAPAAAMPDwwAAACwAAAAAAQABAAACAkQBADs=\" loading=\"lazy\" decoding=\"async\" class=\"rightimg shadow-large\" data-src=\"https:\/\/i0.wp.com\/presert.com.br\/wp-content\/uploads\/2023\/10\/cropped-bonecosite.png?w=3840&amp;ssl=1\" title=\"cropped-bonecosite.png\" alt=\"\" width=\"397\" height=\"264\"> <div  class=\"leftimg\"> <img  data-lazyloaded=\"1\" src=\"data:image\/gif;base64,R0lGODdhAQABAPAAAMPDwwAAACwAAAAAAQABAAACAkQBADs=\" loading=\"lazy\" decoding=\"async\" class=\"shadow-large\" data-src=\"https:\/\/i0.wp.com\/presert.com.br\/wp-content\/uploads\/2023\/10\/cropped-Telecom.jpeg?w=3840&amp;ssl=1\" title=\"cropped-Telecom.jpeg\" alt=\"\" width=\"298\" height=\"324\"><\/div> <\/div><\/div> <\/div><\/div> <\/div>","protected":false},"excerpt":{"rendered":"<p>VENDAS Fornecemos produtos de tecnologia nas \u00e1reas de telecomunica\u00e7\u00e3o, seguran\u00e7a eletr\u00f4nica, controle de acesso e redes \/ internet. INSTALA\u00c7\u00c3O Instalamos os produtos comercializados, com equipe t\u00e9cnica treinada para garantir a qualidade dos produtos. MANUTEN\u00c7\u00c3O Com profissionais t\u00e9cnicos capacitados, mantemos em pleno funcionamento todos os equipamentos de nossos clientes. Nossos Clientes Junte-se a centenas de clientes&hellip; <br \/> <a class=\"read-more\" href=\"https:\/\/presert.com.br\/\">Leia mais<\/a><\/p>\n","protected":false},"author":1,"featured_media":0,"parent":0,"menu_order":0,"comment_status":"closed","ping_status":"closed","template":"page-templates\/homepage.php","meta":{"footnotes":""},"class_list":["post-12","page","type-page","status-publish","hentry"],"aioseo_notices":[],"_hostinger_reach_plugin_has_subscription_block":false,"_hostinger_reach_plugin_is_elementor":false,"jetpack_sharing_enabled":true,"_links":{"self":[{"href":"https:\/\/presert.com.br\/index.php\/wp-json\/wp\/v2\/pages\/12","targetHints":{"allow":["GET"]}}],"collection":[{"href":"https:\/\/presert.com.br\/index.php\/wp-json\/wp\/v2\/pages"}],"about":[{"href":"https:\/\/presert.com.br\/index.php\/wp-json\/wp\/v2\/types\/page"}],"author":[{"embeddable":true,"href":"https:\/\/presert.com.br\/index.php\/wp-json\/wp\/v2\/users\/1"}],"replies":[{"embeddable":true,"href":"https:\/\/presert.com.br\/index.php\/wp-json\/wp\/v2\/comments?post=12"}],"version-history":[{"count":40,"href":"https:\/\/presert.com.br\/index.php\/wp-json\/wp\/v2\/pages\/12\/revisions"}],"predecessor-version":[{"id":1057,"href":"https:\/\/presert.com.br\/index.php\/wp-json\/wp\/v2\/pages\/12\/revisions\/1057"}],"wp:attachment":[{"href":"https:\/\/presert.com.br\/index.php\/wp-json\/wp\/v2\/media?parent=12"}],"curies":[{"name":"wp","href":"https:\/\/api.w.org\/{rel}","templated":true}]}}