{"id":170,"date":"2022-12-31T15:59:56","date_gmt":"2022-12-31T18:59:56","guid":{"rendered":"https:\/\/presert.com.br\/?post_type=product&#038;p=170"},"modified":"2024-11-11T11:16:33","modified_gmt":"2024-11-11T14:16:33","slug":"central-impacta-68i","status":"publish","type":"product","link":"https:\/\/presert.com.br\/index.php\/produto\/central-impacta-68i\/","title":{"rendered":"CENTRAL IMPACTA 68i"},"content":{"rendered":"<p>As micro e pequenas empresas precisam de solu\u00e7\u00f5es que tragam mais agilidade e economia na comunica\u00e7\u00e3o. Para elas, a Intelbras oferece as centrais Impacta 16, Impacta 40 e Impacta 68i. Uma para cada necessidade, com fun\u00e7\u00f5es essenciais na rotina empresarial.<\/p>\n<p>&nbsp;<\/p>\n<p><strong>Intelig\u00eancia e Economia:<\/strong>\u00a0a central direciona as chamadas para determinada operadora pr\u00e9-programada, priorizando a redu\u00e7\u00e3o de custos na hora de efetuar liga\u00e7\u00f5es para telefonia fixa, celular, DDD, DDI e VoIP.<\/p>\n<p>&nbsp;<\/p>\n<p><strong>Agilidade:<\/strong>\u00a0a central identifica quem est\u00e1 ligando e direciona a chamada para qualquer ramal, grupo ou filial que estiver pr\u00e9-cadastrado para atender, baseando-se em parte do n\u00famero (Ex: DDD) ou no n\u00famero inteiro. Agilidade e assertividade para voc\u00ea e seus clientes.<\/p>\n<p>&nbsp;<\/p>\n<p><strong>Confiabilidade:<\/strong>\u00a0a linha Impacta est\u00e1 assegurada por um rigoroso controle de qualidade no desenvolvimento, produ\u00e7\u00e3o e p\u00f3s-venda, este \u00faltimo presente em todo o Brasil para garantir um atendimento r\u00e1pido, eficaz e de valor agregado.<\/p>\n<p>&nbsp;<\/p>\n<p><a href=\"https:\/\/backend.intelbras.com\/sites\/default\/files\/2022-01\/Datasheet_Impacta_16_Impacta_40_Impacta_68i_1.pdf\" target=\"_blank\" rel=\"noopener\">Ficha T\u00e9cnica IMPACTA 68I<\/a><\/p>\n","protected":false},"excerpt":{"rendered":"<p>As micro e pequenas empresas precisam de solu\u00e7\u00f5es que tragam mais agilidade e economia na comunica\u00e7\u00e3o. Para elas, a Intelbras oferece as centrais Impacta 16, Impacta 40 e Impacta 68i. Uma para cada necessidade, com fun\u00e7\u00f5es essenciais na rotina empresarial. &nbsp; Intelig\u00eancia e Economia:\u00a0a central direciona as chamadas para determinada operadora pr\u00e9-programada, priorizando a redu\u00e7\u00e3o&hellip; <br \/> <a class=\"read-more\" href=\"https:\/\/presert.com.br\/index.php\/produto\/central-impacta-68i\/\">Leia mais<\/a><\/p>\n","protected":false},"featured_media":300,"comment_status":"open","ping_status":"closed","template":"","meta":[],"product_brand":[],"product_cat":[17],"product_tag":[],"class_list":{"0":"post-170","1":"product","2":"type-product","3":"status-publish","4":"has-post-thumbnail","6":"product_cat-comunicacao","7":"product_shipping_class-5-dias","9":"first","10":"instock","11":"featured","12":"shipping-taxable","13":"product-type-simple"},"aioseo_notices":[],"jetpack_sharing_enabled":true,"_links":{"self":[{"href":"https:\/\/presert.com.br\/index.php\/wp-json\/wp\/v2\/product\/170","targetHints":{"allow":["GET"]}}],"collection":[{"href":"https:\/\/presert.com.br\/index.php\/wp-json\/wp\/v2\/product"}],"about":[{"href":"https:\/\/presert.com.br\/index.php\/wp-json\/wp\/v2\/types\/product"}],"replies":[{"embeddable":true,"href":"https:\/\/presert.com.br\/index.php\/wp-json\/wp\/v2\/comments?post=170"}],"wp:featuredmedia":[{"embeddable":true,"href":"https:\/\/presert.com.br\/index.php\/wp-json\/wp\/v2\/media\/300"}],"wp:attachment":[{"href":"https:\/\/presert.com.br\/index.php\/wp-json\/wp\/v2\/media?parent=170"}],"wp:term":[{"taxonomy":"product_brand","embeddable":true,"href":"https:\/\/presert.com.br\/index.php\/wp-json\/wp\/v2\/product_brand?post=170"},{"taxonomy":"product_cat","embeddable":true,"href":"https:\/\/presert.com.br\/index.php\/wp-json\/wp\/v2\/product_cat?post=170"},{"taxonomy":"product_tag","embeddable":true,"href":"https:\/\/presert.com.br\/index.php\/wp-json\/wp\/v2\/product_tag?post=170"}],"curies":[{"name":"wp","href":"https:\/\/api.w.org\/{rel}","templated":true}]}}