{"id":176,"date":"2022-12-31T15:59:56","date_gmt":"2022-12-31T18:59:56","guid":{"rendered":"https:\/\/presert.com.br\/?post_type=product&#038;p=176"},"modified":"2023-10-23T17:23:24","modified_gmt":"2023-10-23T20:23:24","slug":"controle-xtr-1000-branco-preto","status":"publish","type":"product","link":"https:\/\/presert.com.br\/index.php\/produto\/controle-xtr-1000-branco-preto\/","title":{"rendered":"CONTROLE XTR 1000 BRANCO\/PRETO"},"content":{"rendered":"<p>O controle remoto XTR 1000 \u00e9 um transmissor de r\u00e1dio frequ\u00eancia com tecnologia anti clonagem desenvolvido para o sistema de controle de acessos condominial (SCA 1000), possui tr\u00eas bot\u00f5es de acionamentos independentes, design moderno e alimenta\u00e7\u00e3o por bateria tipo bot\u00e3o de 3V.<\/p>\n<p>&nbsp;<\/p>\n<ul>\n<li>3 bot\u00f5es independentes para acionamento<\/li>\n<li>Sistema anticlonagem<\/li>\n<\/ul>\n<p>&nbsp;<\/p>\n<p><a href=\"https:\/\/backend.intelbras.com\/sites\/default\/files\/integration\/datasheet_xtr1000_portugues_01-18_r01.pdf\" target=\"_blank\" rel=\"noopener\">Ficha T\u00e9cnica XTR 1000<\/a><\/p>\n","protected":false},"excerpt":{"rendered":"<p>O controle remoto XTR 1000 \u00e9 um transmissor de r\u00e1dio frequ\u00eancia com tecnologia anti clonagem desenvolvido para o sistema de controle de acessos condominial (SCA 1000), possui tr\u00eas bot\u00f5es de acionamentos independentes, design moderno e alimenta\u00e7\u00e3o por bateria tipo bot\u00e3o de 3V. &nbsp; 3 bot\u00f5es independentes para acionamento Sistema anticlonagem &nbsp; Ficha T\u00e9cnica XTR 1000<\/p>\n","protected":false},"featured_media":304,"comment_status":"open","ping_status":"closed","template":"","meta":[],"product_brand":[],"product_cat":[19],"product_tag":[],"class_list":{"0":"post-176","1":"product","2":"type-product","3":"status-publish","4":"has-post-thumbnail","6":"product_cat-controle-de-acessos","7":"product_shipping_class-5-dias","9":"first","10":"instock","11":"featured","12":"shipping-taxable","13":"product-type-simple"},"aioseo_notices":[],"jetpack_sharing_enabled":true,"_links":{"self":[{"href":"https:\/\/presert.com.br\/index.php\/wp-json\/wp\/v2\/product\/176","targetHints":{"allow":["GET"]}}],"collection":[{"href":"https:\/\/presert.com.br\/index.php\/wp-json\/wp\/v2\/product"}],"about":[{"href":"https:\/\/presert.com.br\/index.php\/wp-json\/wp\/v2\/types\/product"}],"replies":[{"embeddable":true,"href":"https:\/\/presert.com.br\/index.php\/wp-json\/wp\/v2\/comments?post=176"}],"wp:featuredmedia":[{"embeddable":true,"href":"https:\/\/presert.com.br\/index.php\/wp-json\/wp\/v2\/media\/304"}],"wp:attachment":[{"href":"https:\/\/presert.com.br\/index.php\/wp-json\/wp\/v2\/media?parent=176"}],"wp:term":[{"taxonomy":"product_brand","embeddable":true,"href":"https:\/\/presert.com.br\/index.php\/wp-json\/wp\/v2\/product_brand?post=176"},{"taxonomy":"product_cat","embeddable":true,"href":"https:\/\/presert.com.br\/index.php\/wp-json\/wp\/v2\/product_cat?post=176"},{"taxonomy":"product_tag","embeddable":true,"href":"https:\/\/presert.com.br\/index.php\/wp-json\/wp\/v2\/product_tag?post=176"}],"curies":[{"name":"wp","href":"https:\/\/api.w.org\/{rel}","templated":true}]}}