{"id":215,"date":"2022-12-31T16:00:06","date_gmt":"2022-12-31T19:00:06","guid":{"rendered":"https:\/\/presert.com.br\/?post_type=product&#038;p=215"},"modified":"2025-06-30T16:24:16","modified_gmt":"2025-06-30T19:24:16","slug":"hsb-50-telefone-headset","status":"publish","type":"product","link":"https:\/\/presert.com.br\/index.php\/produto\/hsb-50-telefone-headset\/","title":{"rendered":"HSB 50 &#8211; Telefone headset"},"content":{"rendered":"<p>O HSB 50 \u00e9 um telefone Headset de alto desempenho, ideal para uso profissional intenso. Seu microfone com cancelamento de ru\u00eddos, proporciona transmiss\u00e3o clara da voz. Com base discadora de alta qualidade produzida no Brasil, possui 2 n\u00edveis de campainha e modo de atendimento autom\u00e1tico, al\u00e9m de controle digital do volume de recep\u00e7\u00e3o, e leds indicadores para on\/off e mute.<\/p>\n<p>&nbsp;<\/p>\n<div class=\"zoom_titulo_aba margin_left_20 margin_top_10 ident_10\"><label class=\"subtitulo\">Dados T\u00e9cnicos<\/label><\/div>\n<p>&nbsp;<\/p>\n<ul>\n<li>Controle digital do volume de recep\u00e7\u00e3o<\/li>\n<li>Teclado emborrachado de alta durabilidade<\/li>\n<li>2 n\u00edveis de campainha e modo de atendimento autom\u00e1tico<\/li>\n<li>Teclas Flash, Mute, Redial e ON\/OFF e LEDs indicativos de status de chamada e mudo<\/li>\n<li>Chaves para ajuste de campainha, mode (Tom e Pulso) e flash (100, 300 e 600 ms)<\/li>\n<li>Headset com conector do tipo RJ9<\/li>\n<li>Tiara de a\u00e7o com revestimento PVC e apoio de cabe\u00e7a confort\u00e1vel e resistente<\/li>\n<li>Headset monoauricular ajust\u00e1vel com protetor remov\u00edvel em espuma<\/li>\n<li>Microfone com cancelador de ru\u00eddo ambiente, haste flex\u00edvel (semirr\u00edgida) e convers\u00edvel (300\u00b0)<\/li>\n<li>Compat\u00edvel com linhas e centrais anal\u00f3gicas e com os acess\u00f3rios AP 3601 (protetor<br \/>\nauricular) e AM 3551 (protetor de microfone), que ajudar\u00e3o a manter os headsets sempre<br \/>\nnovos, evitando a substitui\u00e7\u00e3o de produtos e gerando mais economia.<\/li>\n<\/ul>\n<p>&nbsp;<\/p>\n<p><a href=\"https:\/\/backend.intelbras.com\/sites\/default\/files\/2020-02\/Datasheet-HSB-50-01.20.pdf\" target=\"_blank\" rel=\"noopener\">Ficha T\u00e9cnica HSB 50<\/a><\/p>\n","protected":false},"excerpt":{"rendered":"<p>O HSB 50 \u00e9 um telefone Headset de alto desempenho, ideal para uso profissional intenso. Seu microfone com cancelamento de ru\u00eddos, proporciona transmiss\u00e3o clara da voz. Com base discadora de alta qualidade produzida no Brasil, possui 2 n\u00edveis de campainha e modo de atendimento autom\u00e1tico, al\u00e9m de controle digital do volume de recep\u00e7\u00e3o, e leds&hellip; <br \/> <a class=\"read-more\" href=\"https:\/\/presert.com.br\/index.php\/produto\/hsb-50-telefone-headset\/\">Leia mais<\/a><\/p>\n","protected":false},"featured_media":285,"comment_status":"open","ping_status":"closed","template":"","meta":[],"product_brand":[],"product_cat":[17],"product_tag":[27,26],"class_list":{"0":"post-215","1":"product","2":"type-product","3":"status-publish","4":"has-post-thumbnail","6":"product_cat-comunicacao","7":"product_tag-fone-de-cabeca","8":"product_tag-headset-intelbras","9":"product_shipping_class-5-dias","11":"first","12":"instock","13":"shipping-taxable","14":"product-type-simple"},"aioseo_notices":[],"jetpack_sharing_enabled":true,"_links":{"self":[{"href":"https:\/\/presert.com.br\/index.php\/wp-json\/wp\/v2\/product\/215","targetHints":{"allow":["GET"]}}],"collection":[{"href":"https:\/\/presert.com.br\/index.php\/wp-json\/wp\/v2\/product"}],"about":[{"href":"https:\/\/presert.com.br\/index.php\/wp-json\/wp\/v2\/types\/product"}],"replies":[{"embeddable":true,"href":"https:\/\/presert.com.br\/index.php\/wp-json\/wp\/v2\/comments?post=215"}],"wp:featuredmedia":[{"embeddable":true,"href":"https:\/\/presert.com.br\/index.php\/wp-json\/wp\/v2\/media\/285"}],"wp:attachment":[{"href":"https:\/\/presert.com.br\/index.php\/wp-json\/wp\/v2\/media?parent=215"}],"wp:term":[{"taxonomy":"product_brand","embeddable":true,"href":"https:\/\/presert.com.br\/index.php\/wp-json\/wp\/v2\/product_brand?post=215"},{"taxonomy":"product_cat","embeddable":true,"href":"https:\/\/presert.com.br\/index.php\/wp-json\/wp\/v2\/product_cat?post=215"},{"taxonomy":"product_tag","embeddable":true,"href":"https:\/\/presert.com.br\/index.php\/wp-json\/wp\/v2\/product_tag?post=215"}],"curies":[{"name":"wp","href":"https:\/\/api.w.org\/{rel}","templated":true}]}}