{"id":225,"date":"2022-12-31T16:00:13","date_gmt":"2022-12-31T19:00:13","guid":{"rendered":"https:\/\/presert.com.br\/?post_type=product&#038;p=225"},"modified":"2023-10-23T17:18:59","modified_gmt":"2023-10-23T20:18:59","slug":"controle-remoto-xac-4000-smart-control-azul","status":"publish","type":"product","link":"https:\/\/presert.com.br\/index.php\/produto\/controle-remoto-xac-4000-smart-control-azul\/","title":{"rendered":"CONTROLE REMOTO XAC 4000 SMART CONTROL &#8211; AZUL"},"content":{"rendered":"<p>Controle para Centrais de Alarme, Automatizadores de Port\u00e3o e outros receptores de radiofrequ\u00eancia.<\/p>\n<p>O controle remoto XAC 4000 Smart Control, possui bateria de l\u00edtio de longa dura\u00e7\u00e3o, 3 bot\u00f5es (canais) independentes, design moderno e antitravamento de teclas. Acompanha cord\u00e3o e clipe. Dispon\u00edvel nas cores azul, preto e rosa.<\/p>\n<p>\u00bb\u00a0Frequ\u00eancia de opera\u00e7\u00e3o 433,92 Mhz com ressonador SAW (n\u00e3o perde a calibra\u00e7\u00e3o)<br \/>\n\u00bb\u00a0Modula\u00e7\u00e3o OOK\/FSK<br \/>\n\u00bb\u00a0Design diferenciado<br \/>\n\u00bb\u00a0Bateria de l\u00edtio de longa dura\u00e7\u00e3o<br \/>\n\u00bb\u00a0Antitravamento de teclas<br \/>\n\u00bb\u00a0Acompanha cord\u00e3o e clipe<\/p>\n<p>&nbsp;<\/p>\n<p><a href=\"https:\/\/backend.intelbras.com\/sites\/default\/files\/2020-01\/Datasheet%20-XAC-4000-SMART-01.20.pdf\" target=\"_blank\" rel=\"noopener\">Ficha T\u00e9cnica XAC 4000<\/a><\/p>\n","protected":false},"excerpt":{"rendered":"<p>Controle para Centrais de Alarme, Automatizadores de Port\u00e3o e outros receptores de radiofrequ\u00eancia. O controle remoto XAC 4000 Smart Control, possui bateria de l\u00edtio de longa dura\u00e7\u00e3o, 3 bot\u00f5es (canais) independentes, design moderno e antitravamento de teclas. Acompanha cord\u00e3o e clipe. Dispon\u00edvel nas cores azul, preto e rosa. \u00bb\u00a0Frequ\u00eancia de opera\u00e7\u00e3o 433,92 Mhz com ressonador&hellip; <br \/> <a class=\"read-more\" href=\"https:\/\/presert.com.br\/index.php\/produto\/controle-remoto-xac-4000-smart-control-azul\/\">Leia mais<\/a><\/p>\n","protected":false},"featured_media":271,"comment_status":"open","ping_status":"closed","template":"","meta":[],"product_brand":[],"product_cat":[19,18],"product_tag":[],"class_list":{"0":"post-225","1":"product","2":"type-product","3":"status-publish","4":"has-post-thumbnail","6":"product_cat-controle-de-acessos","7":"product_cat-seguranca-eletronica","8":"product_shipping_class-5-dias","10":"first","11":"instock","12":"shipping-taxable","13":"product-type-simple"},"aioseo_notices":[],"jetpack_sharing_enabled":true,"_links":{"self":[{"href":"https:\/\/presert.com.br\/index.php\/wp-json\/wp\/v2\/product\/225","targetHints":{"allow":["GET"]}}],"collection":[{"href":"https:\/\/presert.com.br\/index.php\/wp-json\/wp\/v2\/product"}],"about":[{"href":"https:\/\/presert.com.br\/index.php\/wp-json\/wp\/v2\/types\/product"}],"replies":[{"embeddable":true,"href":"https:\/\/presert.com.br\/index.php\/wp-json\/wp\/v2\/comments?post=225"}],"wp:featuredmedia":[{"embeddable":true,"href":"https:\/\/presert.com.br\/index.php\/wp-json\/wp\/v2\/media\/271"}],"wp:attachment":[{"href":"https:\/\/presert.com.br\/index.php\/wp-json\/wp\/v2\/media?parent=225"}],"wp:term":[{"taxonomy":"product_brand","embeddable":true,"href":"https:\/\/presert.com.br\/index.php\/wp-json\/wp\/v2\/product_brand?post=225"},{"taxonomy":"product_cat","embeddable":true,"href":"https:\/\/presert.com.br\/index.php\/wp-json\/wp\/v2\/product_cat?post=225"},{"taxonomy":"product_tag","embeddable":true,"href":"https:\/\/presert.com.br\/index.php\/wp-json\/wp\/v2\/product_tag?post=225"}],"curies":[{"name":"wp","href":"https:\/\/api.w.org\/{rel}","templated":true}]}}