{"id":395,"date":"2023-02-23T15:27:43","date_gmt":"2023-02-23T18:27:43","guid":{"rendered":"https:\/\/presert.com.br\/?post_type=product&#038;p=395"},"modified":"2024-06-05T08:57:33","modified_gmt":"2024-06-05T11:57:33","slug":"combo-teclado-e-mouse-intelbras-csi50-sem-fio-preto","status":"publish","type":"product","link":"https:\/\/presert.com.br\/index.php\/produto\/combo-teclado-e-mouse-intelbras-csi50-sem-fio-preto\/","title":{"rendered":"COMBO TECLADO E MOUSE INTELBRAS CSI50  &#8211; SEM FIO PRETO"},"content":{"rendered":"<p>USB 2.0<br \/>\n\u00bb Conex\u00e3o de 2.4 GHz sem fio<br \/>\n\u00bb Conectividade via Dongle Plug &amp; Play sem necessidade de instala\u00e7\u00e3o de software adicional<br \/>\n\u00bb Acabamento leve e confort\u00e1vel<br \/>\n\u00bb Click silencioso, permitindo maior foco ao usu\u00e1rio<br \/>\n\u00bb P\u00e9s retr\u00e1teis<br \/>\n\u00bb 4 zonas independentes: Alfanum\u00e9rica \/ Num\u00e9rica \/Navega\u00e7\u00e3o \/ Funcional<br \/>\n\u00bb Indicadores de n\u00edvel de bateria, CapsLock e NumLock<br \/>\n\u00bb Modo Standby, elevando a autonomia da pilha<br \/>\n\u00bb Bot\u00f5es de comando e teclas de atalho, agilizando na execu\u00e7\u00e3o de tarefas<br \/>\n\u00bb Compatibilidade com sistemas operacionais<br \/>\n\u00bb Alcance de at\u00e9 10 metros sem barreira<\/p>\n","protected":false},"excerpt":{"rendered":"<p>USB 2.0 \u00bb Conex\u00e3o de 2.4 GHz sem fio \u00bb Conectividade via Dongle Plug &amp; Play sem necessidade de instala\u00e7\u00e3o de software adicional \u00bb Acabamento leve e confort\u00e1vel \u00bb Click silencioso, permitindo maior foco ao usu\u00e1rio \u00bb P\u00e9s retr\u00e1teis \u00bb 4 zonas independentes: Alfanum\u00e9rica \/ Num\u00e9rica \/Navega\u00e7\u00e3o \/ Funcional \u00bb Indicadores de n\u00edvel de bateria,&hellip; <br \/> <a class=\"read-more\" href=\"https:\/\/presert.com.br\/index.php\/produto\/combo-teclado-e-mouse-intelbras-csi50-sem-fio-preto\/\">Leia mais<\/a><\/p>\n","protected":false},"featured_media":902,"comment_status":"open","ping_status":"closed","template":"","meta":[],"product_brand":[],"product_cat":[17],"product_tag":[],"class_list":{"0":"post-395","1":"product","2":"type-product","3":"status-publish","4":"has-post-thumbnail","6":"product_cat-comunicacao","8":"first","9":"instock","10":"shipping-taxable","11":"product-type-simple"},"aioseo_notices":[],"jetpack_sharing_enabled":true,"_links":{"self":[{"href":"https:\/\/presert.com.br\/index.php\/wp-json\/wp\/v2\/product\/395","targetHints":{"allow":["GET"]}}],"collection":[{"href":"https:\/\/presert.com.br\/index.php\/wp-json\/wp\/v2\/product"}],"about":[{"href":"https:\/\/presert.com.br\/index.php\/wp-json\/wp\/v2\/types\/product"}],"replies":[{"embeddable":true,"href":"https:\/\/presert.com.br\/index.php\/wp-json\/wp\/v2\/comments?post=395"}],"wp:featuredmedia":[{"embeddable":true,"href":"https:\/\/presert.com.br\/index.php\/wp-json\/wp\/v2\/media\/902"}],"wp:attachment":[{"href":"https:\/\/presert.com.br\/index.php\/wp-json\/wp\/v2\/media?parent=395"}],"wp:term":[{"taxonomy":"product_brand","embeddable":true,"href":"https:\/\/presert.com.br\/index.php\/wp-json\/wp\/v2\/product_brand?post=395"},{"taxonomy":"product_cat","embeddable":true,"href":"https:\/\/presert.com.br\/index.php\/wp-json\/wp\/v2\/product_cat?post=395"},{"taxonomy":"product_tag","embeddable":true,"href":"https:\/\/presert.com.br\/index.php\/wp-json\/wp\/v2\/product_tag?post=395"}],"curies":[{"name":"wp","href":"https:\/\/api.w.org\/{rel}","templated":true}]}}