{"id":453,"date":"2023-02-23T15:27:56","date_gmt":"2023-02-23T18:27:56","guid":{"rendered":"https:\/\/presert.com.br\/?post_type=product&#038;p=453"},"modified":"2024-11-11T11:22:04","modified_gmt":"2024-11-11T14:22:04","slug":"telefone-sem-fio-ts-2510-preto","status":"publish","type":"product","link":"https:\/\/presert.com.br\/index.php\/produto\/telefone-sem-fio-ts-2510-preto\/","title":{"rendered":"TELEFONE SEM FIO TS 2510 PRETO"},"content":{"rendered":"<p>Tecnologia DECT 6.0<br \/>\nIdentifica\u00e7\u00e3o de chamadas<br \/>\nDisplay Luminoso<br \/>\nCapacidade para at\u00e9 7 ramais (base + 6 ramais)\u00b9<br \/>\nRegistro autom\u00e1tico de ramais<br \/>\nAgenda compartilhada entre ramais<br \/>\nComunica\u00e7\u00e3o interna, confer\u00eancia a tr\u00eas e<br \/>\ntransfer\u00eancia de chamadas<\/p>\n","protected":false},"excerpt":{"rendered":"<p>Tecnologia DECT 6.0 Identifica\u00e7\u00e3o de chamadas Display Luminoso Capacidade para at\u00e9 7 ramais (base + 6 ramais)\u00b9 Registro autom\u00e1tico de ramais Agenda compartilhada entre ramais Comunica\u00e7\u00e3o interna, confer\u00eancia a tr\u00eas e transfer\u00eancia de chamadas<\/p>\n","protected":false},"featured_media":901,"comment_status":"open","ping_status":"closed","template":"","meta":[],"product_brand":[],"product_cat":[17],"product_tag":[],"class_list":{"0":"post-453","1":"product","2":"type-product","3":"status-publish","4":"has-post-thumbnail","6":"product_cat-comunicacao","8":"first","9":"instock","10":"shipping-taxable","11":"product-type-simple"},"aioseo_notices":[],"jetpack_sharing_enabled":true,"_links":{"self":[{"href":"https:\/\/presert.com.br\/index.php\/wp-json\/wp\/v2\/product\/453","targetHints":{"allow":["GET"]}}],"collection":[{"href":"https:\/\/presert.com.br\/index.php\/wp-json\/wp\/v2\/product"}],"about":[{"href":"https:\/\/presert.com.br\/index.php\/wp-json\/wp\/v2\/types\/product"}],"replies":[{"embeddable":true,"href":"https:\/\/presert.com.br\/index.php\/wp-json\/wp\/v2\/comments?post=453"}],"wp:featuredmedia":[{"embeddable":true,"href":"https:\/\/presert.com.br\/index.php\/wp-json\/wp\/v2\/media\/901"}],"wp:attachment":[{"href":"https:\/\/presert.com.br\/index.php\/wp-json\/wp\/v2\/media?parent=453"}],"wp:term":[{"taxonomy":"product_brand","embeddable":true,"href":"https:\/\/presert.com.br\/index.php\/wp-json\/wp\/v2\/product_brand?post=453"},{"taxonomy":"product_cat","embeddable":true,"href":"https:\/\/presert.com.br\/index.php\/wp-json\/wp\/v2\/product_cat?post=453"},{"taxonomy":"product_tag","embeddable":true,"href":"https:\/\/presert.com.br\/index.php\/wp-json\/wp\/v2\/product_tag?post=453"}],"curies":[{"name":"wp","href":"https:\/\/api.w.org\/{rel}","templated":true}]}}