{"id":571,"date":"2023-02-23T15:28:29","date_gmt":"2023-02-23T18:28:29","guid":{"rendered":"https:\/\/presert.com.br\/?post_type=product&#038;p=571"},"modified":"2024-04-22T11:19:50","modified_gmt":"2024-04-22T14:19:50","slug":"conversor-aut-ac-dc-128v-3a-ef-1203","status":"publish","type":"product","link":"https:\/\/presert.com.br\/index.php\/produto\/conversor-aut-ac-dc-128v-3a-ef-1203\/","title":{"rendered":"CONVERSOR AUT AC\/DC 12,8V 3A &#8211; EF 1203"},"content":{"rendered":"<h1 class=\"mb2 hero-title-product h2 large-h3\">Fonte de Alimenta\u00e7\u00e3o<\/h1>\n<div class=\"text text--300\">\n<div class=\"block-template overflow-hidden\">Com a fonte de alimenta\u00e7\u00e3o EF 1203 multiuso, voc\u00ea tem imagens de alta qualidade nos projetos de CFTV e n\u00e3o precisa se preocupar com problemas futuros.<\/div>\n<\/div>\n<div>\n<div class=\"mt2 mb2 \">\n<h2 class=\"weight--small-300 weight--large-200 h3\">Prote\u00e7\u00e3o total contra curto-circuito e sobrecarga<\/h2>\n<\/div>\n<div class=\"text text--300\">\n<div class=\"block-template overflow-hidden\">\n<p>Previne danos, protege contra sobretens\u00e3o e possui filtro contra ru\u00eddos e interfer\u00eancias, proporcionando qualidade de imagem.<\/p>\n<div class=\"mt2 mb2 \">\n<h2 class=\"weight--small-300 weight--large-200 h3\">Garantia de 2 anos mesmo com o P4 cortado<\/h2>\n<\/div>\n<div class=\"text text--300\">\n<div class=\"block-template overflow-hidden\">\n<p>A Intelbras garante a troca do produto em caso de inefici\u00eancia em at\u00e9 2 anos* da data da aquisi\u00e7\u00e3o, mesmo com o conector P4 cortado.<\/p>\n<p><a title=\"Ficha T\u00e9cnica\" href=\"http:\/\/backend.intelbras.com\/sites\/default\/files\/2023-05\/EF%201203%20-%20Datasheet%20%280523%29.pdf\" target=\"_blank\" rel=\"noopener\">Ficha T\u00e9cnica<\/a><\/p>\n<\/div>\n<\/div>\n<\/div>\n<\/div>\n<\/div>\n","protected":false},"excerpt":{"rendered":"<p>Fonte 12V 3A<\/p>\n","protected":false},"featured_media":843,"comment_status":"open","ping_status":"closed","template":"","meta":[],"product_brand":[],"product_cat":[36],"product_tag":[],"class_list":{"0":"post-571","1":"product","2":"type-product","3":"status-publish","4":"has-post-thumbnail","6":"product_cat-energia","8":"first","9":"instock","10":"shipping-taxable","11":"product-type-simple"},"aioseo_notices":[],"jetpack_sharing_enabled":true,"_links":{"self":[{"href":"https:\/\/presert.com.br\/index.php\/wp-json\/wp\/v2\/product\/571","targetHints":{"allow":["GET"]}}],"collection":[{"href":"https:\/\/presert.com.br\/index.php\/wp-json\/wp\/v2\/product"}],"about":[{"href":"https:\/\/presert.com.br\/index.php\/wp-json\/wp\/v2\/types\/product"}],"replies":[{"embeddable":true,"href":"https:\/\/presert.com.br\/index.php\/wp-json\/wp\/v2\/comments?post=571"}],"wp:featuredmedia":[{"embeddable":true,"href":"https:\/\/presert.com.br\/index.php\/wp-json\/wp\/v2\/media\/843"}],"wp:attachment":[{"href":"https:\/\/presert.com.br\/index.php\/wp-json\/wp\/v2\/media?parent=571"}],"wp:term":[{"taxonomy":"product_brand","embeddable":true,"href":"https:\/\/presert.com.br\/index.php\/wp-json\/wp\/v2\/product_brand?post=571"},{"taxonomy":"product_cat","embeddable":true,"href":"https:\/\/presert.com.br\/index.php\/wp-json\/wp\/v2\/product_cat?post=571"},{"taxonomy":"product_tag","embeddable":true,"href":"https:\/\/presert.com.br\/index.php\/wp-json\/wp\/v2\/product_tag?post=571"}],"curies":[{"name":"wp","href":"https:\/\/api.w.org\/{rel}","templated":true}]}}