{"id":692,"date":"2023-02-23T15:28:51","date_gmt":"2023-02-23T18:28:51","guid":{"rendered":"https:\/\/presert.com.br\/?post_type=product&#038;p=692"},"modified":"2024-11-08T21:15:39","modified_gmt":"2024-11-09T00:15:39","slug":"sensor-ivp-5001-pet","status":"publish","type":"product","link":"https:\/\/presert.com.br\/index.php\/produto\/sensor-ivp-5001-pet\/","title":{"rendered":"SENSOR  IVP 5001 PET"},"content":{"rendered":"<h1 class=\"mb2 h2 large-h3\">Sensor de movimento infravermelho passivo<\/h1>\n<div class=\"text text--300\">\n<div class=\"block-template overflow-hidden\">Capacidade de detec\u00e7\u00e3o precisa de movimento com alerta de intrus\u00e3o e identifica\u00e7\u00e3o de Pet<\/div>\n<\/div>\n<div><\/div>\n<div><a title=\"Sensor\" href=\"http:\/\/backend.intelbras.com\/sites\/default\/files\/2020-10\/datasheet-iVP%205001%20PET%20e%20IVP%205001%20PET%20SHIELD-V2.pdf\" target=\"_blank\" rel=\"noopener\">Ficha T\u00e9cnica<\/a><\/div>\n","protected":false},"excerpt":{"rendered":"<p>Sensor de movimento infravermelho passivo Capacidade de detec\u00e7\u00e3o precisa de movimento com alerta de intrus\u00e3o e identifica\u00e7\u00e3o de Pet Ficha T\u00e9cnica<\/p>\n","protected":false},"featured_media":727,"comment_status":"open","ping_status":"closed","template":"","meta":[],"product_brand":[],"product_cat":[18],"product_tag":[],"class_list":{"0":"post-692","1":"product","2":"type-product","3":"status-publish","4":"has-post-thumbnail","6":"product_cat-seguranca-eletronica","7":"product_shipping_class-5-dias","9":"first","10":"instock","11":"shipping-taxable","12":"product-type-simple"},"aioseo_notices":[],"jetpack_sharing_enabled":true,"_links":{"self":[{"href":"https:\/\/presert.com.br\/index.php\/wp-json\/wp\/v2\/product\/692","targetHints":{"allow":["GET"]}}],"collection":[{"href":"https:\/\/presert.com.br\/index.php\/wp-json\/wp\/v2\/product"}],"about":[{"href":"https:\/\/presert.com.br\/index.php\/wp-json\/wp\/v2\/types\/product"}],"replies":[{"embeddable":true,"href":"https:\/\/presert.com.br\/index.php\/wp-json\/wp\/v2\/comments?post=692"}],"wp:featuredmedia":[{"embeddable":true,"href":"https:\/\/presert.com.br\/index.php\/wp-json\/wp\/v2\/media\/727"}],"wp:attachment":[{"href":"https:\/\/presert.com.br\/index.php\/wp-json\/wp\/v2\/media?parent=692"}],"wp:term":[{"taxonomy":"product_brand","embeddable":true,"href":"https:\/\/presert.com.br\/index.php\/wp-json\/wp\/v2\/product_brand?post=692"},{"taxonomy":"product_cat","embeddable":true,"href":"https:\/\/presert.com.br\/index.php\/wp-json\/wp\/v2\/product_cat?post=692"},{"taxonomy":"product_tag","embeddable":true,"href":"https:\/\/presert.com.br\/index.php\/wp-json\/wp\/v2\/product_tag?post=692"}],"curies":[{"name":"wp","href":"https:\/\/api.w.org\/{rel}","templated":true}]}}