{"id":850,"date":"2023-07-20T13:29:20","date_gmt":"2023-07-20T16:29:20","guid":{"rendered":"https:\/\/presert.com.br\/?post_type=product&#038;p=850"},"modified":"2023-10-09T18:17:24","modified_gmt":"2023-10-09T21:17:24","slug":"conector-p4-femea","status":"publish","type":"product","link":"https:\/\/presert.com.br\/index.php\/produto\/conector-p4-femea\/","title":{"rendered":"CONECTOR P4 F\u00caMEA"},"content":{"rendered":"<h1 class=\"mb2 hero-title-product h2 large-h3\">Conector P4 F\u00eamea<\/h1>\n<div class=\"text text--300\">\n<div class=\"block-template overflow-hidden\">Instalado em cen\u00e1rios de CFTV ou que possuam a entrada P4 com conex\u00e3o em plug &#8220;f\u00eamea\u201d como necessidades nas instala\u00e7\u00f5es.<\/div>\n<\/div>\n<div><\/div>\n<div><a title=\"Ficha T\u00e9cnica\" href=\"http:\/\/backend.intelbras.com\/sites\/default\/files\/2021-04\/Novo%20Datasheet%20CONEX%201000%20P4%20FEMEA.pdf\" target=\"_blank\" rel=\"noopener\">Ficha T\u00e9cnica<\/a><\/div>\n","protected":false},"excerpt":{"rendered":"<p>CONECTOR P4 F\u00caMEA<\/p>\n","protected":false},"featured_media":851,"comment_status":"open","ping_status":"closed","template":"","meta":[],"product_brand":[],"product_cat":[36],"product_tag":[],"class_list":{"0":"post-850","1":"product","2":"type-product","3":"status-publish","4":"has-post-thumbnail","6":"product_cat-energia","8":"first","9":"instock","10":"shipping-taxable","11":"product-type-simple"},"aioseo_notices":[],"jetpack_sharing_enabled":true,"_links":{"self":[{"href":"https:\/\/presert.com.br\/index.php\/wp-json\/wp\/v2\/product\/850","targetHints":{"allow":["GET"]}}],"collection":[{"href":"https:\/\/presert.com.br\/index.php\/wp-json\/wp\/v2\/product"}],"about":[{"href":"https:\/\/presert.com.br\/index.php\/wp-json\/wp\/v2\/types\/product"}],"replies":[{"embeddable":true,"href":"https:\/\/presert.com.br\/index.php\/wp-json\/wp\/v2\/comments?post=850"}],"wp:featuredmedia":[{"embeddable":true,"href":"https:\/\/presert.com.br\/index.php\/wp-json\/wp\/v2\/media\/851"}],"wp:attachment":[{"href":"https:\/\/presert.com.br\/index.php\/wp-json\/wp\/v2\/media?parent=850"}],"wp:term":[{"taxonomy":"product_brand","embeddable":true,"href":"https:\/\/presert.com.br\/index.php\/wp-json\/wp\/v2\/product_brand?post=850"},{"taxonomy":"product_cat","embeddable":true,"href":"https:\/\/presert.com.br\/index.php\/wp-json\/wp\/v2\/product_cat?post=850"},{"taxonomy":"product_tag","embeddable":true,"href":"https:\/\/presert.com.br\/index.php\/wp-json\/wp\/v2\/product_tag?post=850"}],"curies":[{"name":"wp","href":"https:\/\/api.w.org\/{rel}","templated":true}]}}